{"id":1532,"date":"2024-11-14T03:12:53","date_gmt":"2024-11-14T03:12:53","guid":{"rendered":"https:\/\/www.wsfkj.com\/?post_type=product&#038;p=1532"},"modified":"2025-06-10T01:32:46","modified_gmt":"2025-06-10T01:32:46","slug":"0-30-ml-rev-dc-24v-pump-micro-magnetic-drive-gear-pump","status":"publish","type":"product","link":"https:\/\/www.wsfkj.com\/it\/prodotto\/0-30-ml-rev-dc-24v-pump-micro-magnetic-drive-gear-pump\/","title":{"rendered":"0.30 ml\/rev DC 24V Pump Micro Magnetic Drive Gear Pump"},"content":{"rendered":"<p>La pompa ad ingranaggi magnetici adotta il principio di trasporto dei fluidi composto da azionamento motore brushless DC, micro testa pompa in acciaio inossidabile e micro motore. \u00c8 particolarmente adatta per vari mezzi liquidi (acido-base, resistente alla corrosione, tossico, infiammabile ed esplosivo) entro un piccolo intervallo di portata. , trasporto di olio idraulico, gocciolamento, campionamento, circolazione, deviazione, spruzzatura, lavaggio, riempimento, raffreddamento e lubrificazione, acqua e aria miscelata gas, ecc.<\/p>\n\t<section class=\"section\" id=\"section_1675545455\">\n\t\t<div class=\"bg section-bg fill bg-fill  bg-loaded\" >\n\n\t\t\t\n\t\t\t\n\t\t\t\n\n\t\t<\/div>\n\n\t\t\n\n\t\t<div class=\"section-content relative\">\n\t\t\t\n<div class=\"row row-dashed\"  id=\"row-1332374848\">\n\n\t<div id=\"col-1101817239\" class=\"col small-12 large-12\"  >\n\t\t\t\t<div class=\"col-inner\"  >\n\t\t\t\n\t\t\t\n<h2>Caratteristiche del prodotto:<\/h2>\n\t\t<\/div>\n\t\t\t\t\t<\/div>\n\n\t\n\n\t<div id=\"col-27483156\" class=\"col medium-4 small-12 large-4\"  >\n\t\t\t\t<div class=\"col-inner\"  >\n\t\t\t\n\t\t\t\n\t<div class=\"box has-hover   has-hover box-text-bottom\" >\n\n\t\t<div class=\"box-image\" style=\"width:15%;\">\n\t\t\t\t\t\t<div class=\"\" >\n\t\t\t\t<img decoding=\"async\" src=\"https:\/\/www.wsfkj.com\/wp-content\/uploads\/2023\/12\/number-1.svg\" class=\"attachment- size-\" alt=\"\" \/>\t\t\t\t\t\t\t\t\t\t\t<\/div>\n\t\t\t\t\t<\/div>\n\n\t\t<div class=\"box-text text-center\" >\n\t\t\t<div class=\"box-text-inner\">\n\t\t\t\t\n<h4>Nessun impulso, alta precisione.<\/h4>\n<p>Grazie al design con ingranaggi esterni, il flusso della pompa non \u00e8 influenzato dalla pressione del sistema e il flusso in uscita non presenta pulsazioni, il che consente una misurazione accurata del flusso e un'elevata ripetibilit\u00e0.<\/p>\n\t\t\t<\/div>\n\t\t<\/div>\n\t<\/div>\n\t\n\t\t<\/div>\n\t\t\t\t\t<\/div>\n\n\t\n\n\t<div id=\"col-50031722\" class=\"col medium-4 small-12 large-4\"  >\n\t\t\t\t<div class=\"col-inner\"  >\n\t\t\t\n\t\t\t\n\t<div class=\"box has-hover   has-hover box-text-bottom\" >\n\n\t\t<div class=\"box-image\" style=\"width:15%;\">\n\t\t\t\t\t\t<div class=\"\" >\n\t\t\t\t<img decoding=\"async\" src=\"https:\/\/www.wsfkj.com\/wp-content\/uploads\/2023\/12\/number-2.svg\" class=\"attachment- size-\" alt=\"\" \/>\t\t\t\t\t\t\t\t\t\t\t<\/div>\n\t\t\t\t\t<\/div>\n\n\t\t<div class=\"box-text text-center\" >\n\t\t\t<div class=\"box-text-inner\">\n\t\t\t\t\n<h4>Trasmissione stabile.<\/h4>\n<p>La trasmissione ad ingranaggi pu\u00f2 garantire un rapporto di trasmissione istantaneo costante.<\/p>\n\t\t\t<\/div>\n\t\t<\/div>\n\t<\/div>\n\t\n\t\t<\/div>\n\t\t\t\t\t<\/div>\n\n\t\n\n\t<div id=\"col-723363967\" class=\"col medium-4 small-12 large-4\"  >\n\t\t\t\t<div class=\"col-inner\"  >\n\t\t\t\n\t\t\t\n\t<div class=\"box has-hover   has-hover box-text-bottom\" >\n\n\t\t<div class=\"box-image\" style=\"width:15%;\">\n\t\t\t\t\t\t<div class=\"\" >\n\t\t\t\t<img decoding=\"async\" src=\"https:\/\/www.wsfkj.com\/wp-content\/uploads\/2023\/12\/number-3.svg\" class=\"attachment- size-\" alt=\"\" \/>\t\t\t\t\t\t\t\t\t\t\t<\/div>\n\t\t\t\t\t<\/div>\n\n\t\t<div class=\"box-text text-center\" >\n\t\t\t<div class=\"box-text-inner\">\n\t\t\t\t\n<h4>Nessuna perdita.<\/h4>\n<p>Nessuna guarnizione di tenuta o tenuta meccanica, nessuna parte soggetta a usura, utilizzo di trasmissione magnetica, tenuta statica, per ottenere davvero zero perdite.<\/p>\n\t\t\t<\/div>\n\t\t<\/div>\n\t<\/div>\n\t\n\t\t<\/div>\n\t\t\t\t\t<\/div>\n\n\t\n\n\t<div id=\"col-1857043682\" class=\"col medium-4 small-12 large-4\"  >\n\t\t\t\t<div class=\"col-inner\"  >\n\t\t\t\n\t\t\t\n\t<div class=\"box has-hover   has-hover box-text-bottom\" >\n\n\t\t<div class=\"box-image\" style=\"width:15%;\">\n\t\t\t\t\t\t<div class=\"\" >\n\t\t\t\t<img decoding=\"async\" src=\"https:\/\/www.wsfkj.com\/wp-content\/uploads\/2023\/12\/number-4.svg\" class=\"attachment- size-\" alt=\"\" \/>\t\t\t\t\t\t\t\t\t\t\t<\/div>\n\t\t\t\t\t<\/div>\n\n\t\t<div class=\"box-text text-center\" >\n\t\t\t<div class=\"box-text-inner\">\n\t\t\t\t\n<h4>Resistenza alla corrosione.<\/h4>\n<p>Come materiali per il corpo della pompa \u00e8 possibile scegliere tra 304\/316L e Hastelloy, utilizzabili nella maggior parte dei fluidi chimici.<\/p>\n\t\t\t<\/div>\n\t\t<\/div>\n\t<\/div>\n\t\n\t\t<\/div>\n\t\t\t\t\t<\/div>\n\n\t\n\n\t<div id=\"col-781211522\" class=\"col medium-4 small-12 large-4\"  >\n\t\t\t\t<div class=\"col-inner\"  >\n\t\t\t\n\t\t\t\n\t<div class=\"box has-hover   has-hover box-text-bottom\" >\n\n\t\t<div class=\"box-image\" style=\"width:15%;\">\n\t\t\t\t\t\t<div class=\"\" >\n\t\t\t\t<img decoding=\"async\" src=\"https:\/\/www.wsfkj.com\/wp-content\/uploads\/2023\/12\/number-5.svg\" class=\"attachment- size-\" alt=\"\" \/>\t\t\t\t\t\t\t\t\t\t\t<\/div>\n\t\t\t\t\t<\/div>\n\n\t\t<div class=\"box-text text-left\" >\n\t\t\t<div class=\"box-text-inner\">\n\t\t\t\t\n<h4>Efficiente e conveniente, lunga durata.<\/h4>\n<p>Adotta il metodo di azionamento diretto del motore, riduce le parti vulnerabili. Alta efficienza e risparmio energetico, semplice manutenzione, bassi costi di installazione, lunga durata.<\/p>\n\t\t\t<\/div>\n\t\t<\/div>\n\t<\/div>\n\t\n\t\t<\/div>\n\t\t\t\t\t<\/div>\n\n\t\n\n\t<div id=\"col-309553748\" class=\"col medium-4 small-12 large-4\"  >\n\t\t\t\t<div class=\"col-inner\"  >\n\t\t\t\n\t\t\t\n\t<div class=\"box has-hover   has-hover box-text-bottom\" >\n\n\t\t<div class=\"box-image\" style=\"width:15%;\">\n\t\t\t\t\t\t<div class=\"\" >\n\t\t\t\t<img decoding=\"async\" src=\"https:\/\/www.wsfkj.com\/wp-content\/uploads\/2023\/12\/number-6.svg\" class=\"attachment- size-\" alt=\"\" \/>\t\t\t\t\t\t\t\t\t\t\t<\/div>\n\t\t\t\t\t<\/div>\n\n\t\t<div class=\"box-text text-center\" >\n\t\t\t<div class=\"box-text-inner\">\n\t\t\t\t\n<h4>Applicabilit\u00e0.<\/h4>\n<p>Adatto per elevate pressioni differenziali, elevate pressioni di sistema e un'ampia gamma di viscosit\u00e0 medie.<\/p>\n\t\t\t<\/div>\n\t\t<\/div>\n\t<\/div>\n\t\n\t\t<\/div>\n\t\t\t\t\t<\/div>\n\n\t\n\n\t<div id=\"col-170239248\" class=\"col medium-4 small-12 large-4\"  >\n\t\t\t\t<div class=\"col-inner\"  >\n\t\t\t\n\t\t\t\n\t<div class=\"box has-hover   has-hover box-text-bottom\" >\n\n\t\t<div class=\"box-image\" style=\"width:15%;\">\n\t\t\t\t\t\t<div class=\"\" >\n\t\t\t\t<img decoding=\"async\" src=\"https:\/\/www.wsfkj.com\/wp-content\/uploads\/2023\/12\/number-7.svg\" class=\"attachment- size-\" alt=\"\" \/>\t\t\t\t\t\t\t\t\t\t\t<\/div>\n\t\t\t\t\t<\/div>\n\n\t\t<div class=\"box-text text-center\" >\n\t\t\t<div class=\"box-text-inner\">\n\t\t\t\t\n<h4>lunga durata.<\/h4>\n<p>Il design dell'azionamento magnetico della guarnizione non dinamica fa s\u00ec che l'estremit\u00e0 dell'albero non abbia pi\u00f9 bisogno della guarnizione dinamica, il che garantisce il funzionamento senza perdite della pompa. Il supporto dell'albero solido e stabile pu\u00f2 garantire l'accoppiamento preciso dell'ingranaggio quando la pompa funziona ad alta velocit\u00e0, garantire il funzionamento regolare della pompa, l'elevata precisione di dosaggio e la lunga durata della pompa.<\/p>\n\t\t\t<\/div>\n\t\t<\/div>\n\t<\/div>\n\t\n\t\t<\/div>\n\t\t\t\t\t<\/div>\n\n\t\n\n\t<div id=\"col-690881831\" class=\"col medium-4 small-12 large-4\"  >\n\t\t\t\t<div class=\"col-inner\"  >\n\t\t\t\n\t\t\t\n\t<div class=\"box has-hover   has-hover box-text-bottom\" >\n\n\t\t<div class=\"box-image\" style=\"width:15%;\">\n\t\t\t\t\t\t<div class=\"\" >\n\t\t\t\t<img decoding=\"async\" src=\"https:\/\/www.wsfkj.com\/wp-content\/uploads\/2023\/12\/number-8.svg\" class=\"attachment- size-\" alt=\"\" \/>\t\t\t\t\t\t\t\t\t\t\t<\/div>\n\t\t\t\t\t<\/div>\n\n\t\t<div class=\"box-text text-center\" >\n\t\t\t<div class=\"box-text-inner\">\n\t\t\t\t\n<h4>Modalit\u00e0 di guida diversificata.<\/h4>\n<p>La pompa ad ingranaggi a trasmissione magnetica pu\u00f2 essere collegata direttamente al motore brushless DC, al motore AC a 2 poli e a 4 poli senza riduttore. Il controllo del flusso della pompa pu\u00f2 essere realizzato dal controller di motori AC, DC, brushless DC e altri motori. Possiamo fornire una variet\u00e0 di metodi di guida standard per soddisfare le esigenze dei clienti.<\/p>\n\t\t\t<\/div>\n\t\t<\/div>\n\t<\/div>\n\t\n\t\t<\/div>\n\t\t\t\t\t<\/div>\n\n\t\n\n\t<div id=\"col-2056619461\" class=\"col medium-4 small-12 large-4\"  >\n\t\t\t\t<div class=\"col-inner\"  >\n\t\t\t\n\t\t\t\n\t<div class=\"box has-hover   has-hover box-text-bottom\" >\n\n\t\t<div class=\"box-image\" style=\"width:15%;\">\n\t\t\t\t\t\t<div class=\"\" >\n\t\t\t\t<img decoding=\"async\" src=\"https:\/\/www.wsfkj.com\/wp-content\/uploads\/2023\/12\/number-9.svg\" class=\"attachment- size-\" alt=\"\" \/>\t\t\t\t\t\t\t\t\t\t\t<\/div>\n\t\t\t\t\t<\/div>\n\n\t\t<div class=\"box-text text-center\" >\n\t\t\t<div class=\"box-text-inner\">\n\t\t\t\t\n<h4>Un'ampia gamma di applicazioni.<\/h4>\n<p>Pompa ad ingranaggi a trasmissione magnetica nella progettazione, produzione e applicazione di un gran numero di utilizzo della tecnologia a trasmissione magnetica, pompa e motore. Presenta i vantaggi di nessuna pulsazione, lunga durata e nessuna perdita. Questi vantaggi rendono i nostri prodotti ampiamente utilizzati nei settori chimico, medico, di laboratorio, del trattamento delle acque, alimentare e altri.<\/p>\n\t\t\t<\/div>\n\t\t<\/div>\n\t<\/div>\n\t\n\t\t<\/div>\n\t\t\t\t\t<\/div>\n\n\t\n<\/div>\n\t\t<\/div>\n\n\t\t\n<style>\n#section_1675545455 {\n  padding-top: 30px;\n  padding-bottom: 30px;\n}\n#section_1675545455 .ux-shape-divider--top svg {\n  height: 150px;\n  --divider-top-width: 100%;\n}\n#section_1675545455 .ux-shape-divider--bottom svg {\n  height: 150px;\n  --divider-width: 100%;\n}\n<\/style>\n\t<\/section>\n\t\n<p><img loading=\"lazy\" decoding=\"async\" class=\"alignnone wp-image-881 size-full\" src=\"https:\/\/www.wsfkj.com\/wp-content\/uploads\/2023\/12\/Micro-Magnetic-Drive-Gear-pump-des.jpg\" alt=\"\" width=\"1200\" height=\"500\" srcset=\"https:\/\/www.wsfkj.com\/wp-content\/uploads\/2023\/12\/Micro-Magnetic-Drive-Gear-pump-des.jpg 1200w, https:\/\/www.wsfkj.com\/wp-content\/uploads\/2023\/12\/Micro-Magnetic-Drive-Gear-pump-des-300x125.jpg 300w, https:\/\/www.wsfkj.com\/wp-content\/uploads\/2023\/12\/Micro-Magnetic-Drive-Gear-pump-des-600x250.jpg 600w, https:\/\/www.wsfkj.com\/wp-content\/uploads\/2023\/12\/Micro-Magnetic-Drive-Gear-pump-des-1024x427.jpg 1024w, https:\/\/www.wsfkj.com\/wp-content\/uploads\/2023\/12\/Micro-Magnetic-Drive-Gear-pump-des-768x320.jpg 768w\" sizes=\"auto, (max-width: 1200px) 100vw, 1200px\" \/> <img loading=\"lazy\" decoding=\"async\" class=\"alignnone size-full wp-image-882\" src=\"https:\/\/www.wsfkj.com\/wp-content\/uploads\/2023\/12\/Micro-Magnetic-Drive-Gear-pump-des-2.jpg\" alt=\"\" width=\"1200\" height=\"700\" srcset=\"https:\/\/www.wsfkj.com\/wp-content\/uploads\/2023\/12\/Micro-Magnetic-Drive-Gear-pump-des-2.jpg 1200w, https:\/\/www.wsfkj.com\/wp-content\/uploads\/2023\/12\/Micro-Magnetic-Drive-Gear-pump-des-2-300x175.jpg 300w, https:\/\/www.wsfkj.com\/wp-content\/uploads\/2023\/12\/Micro-Magnetic-Drive-Gear-pump-des-2-600x350.jpg 600w, https:\/\/www.wsfkj.com\/wp-content\/uploads\/2023\/12\/Micro-Magnetic-Drive-Gear-pump-des-2-1024x597.jpg 1024w, https:\/\/www.wsfkj.com\/wp-content\/uploads\/2023\/12\/Micro-Magnetic-Drive-Gear-pump-des-2-768x448.jpg 768w\" sizes=\"auto, (max-width: 1200px) 100vw, 1200px\" \/><\/p>\n<h2>Diagramma della struttura:<\/h2>\n<p><img loading=\"lazy\" decoding=\"async\" class=\"alignnone wp-image-894 size-full\" src=\"https:\/\/www.wsfkj.com\/wp-content\/uploads\/2023\/12\/Micro-Magnetic-Drive-Gear-Pump-exploded-view-new-1.jpg\" alt=\"\" width=\"1218\" height=\"477\" srcset=\"https:\/\/www.wsfkj.com\/wp-content\/uploads\/2023\/12\/Micro-Magnetic-Drive-Gear-Pump-exploded-view-new-1.jpg 1218w, https:\/\/www.wsfkj.com\/wp-content\/uploads\/2023\/12\/Micro-Magnetic-Drive-Gear-Pump-exploded-view-new-1-300x117.jpg 300w, https:\/\/www.wsfkj.com\/wp-content\/uploads\/2023\/12\/Micro-Magnetic-Drive-Gear-Pump-exploded-view-new-1-600x235.jpg 600w, https:\/\/www.wsfkj.com\/wp-content\/uploads\/2023\/12\/Micro-Magnetic-Drive-Gear-Pump-exploded-view-new-1-1024x401.jpg 1024w, https:\/\/www.wsfkj.com\/wp-content\/uploads\/2023\/12\/Micro-Magnetic-Drive-Gear-Pump-exploded-view-new-1-768x301.jpg 768w\" sizes=\"auto, (max-width: 1218px) 100vw, 1218px\" \/><\/p>\n<table style=\"border-collapse: collapse; width: 189.78pt;\" border=\"0\" width=\"253\" cellspacing=\"0\" cellpadding=\"0\">\n<tbody>\n<tr style=\"height: 14.00pt;\">\n<td class=\"et2\" style=\"height: 14pt; width: 54pt; text-align: center;\" width=\"72\" height=\"18\">1<\/td>\n<td class=\"et3\" style=\"width: 135.75pt; text-align: center;\" width=\"181\">Inner-hexagon Screw*3<\/td>\n<\/tr>\n<tr style=\"height: 14.25pt;\">\n<td class=\"et4\" style=\"height: 14.25pt; width: 54pt; text-align: center;\" width=\"72\" height=\"19\">2<\/td>\n<td class=\"et5\" style=\"width: 135.75pt; text-align: center;\" width=\"181\">Front Cover<\/td>\n<\/tr>\n<tr style=\"height: 13.50pt;\">\n<td class=\"et4\" style=\"height: 13.5pt; width: 54pt; text-align: center;\" width=\"72\" height=\"18\">3<\/td>\n<td class=\"et5\" style=\"width: 135.75pt; text-align: center;\" width=\"181\">Attrezzatura PEEK<\/td>\n<\/tr>\n<tr style=\"height: 13.50pt;\">\n<td class=\"et4\" style=\"height: 13.5pt; width: 54pt; text-align: center;\" width=\"72\" height=\"18\">4<\/td>\n<td class=\"et5\" style=\"width: 135.75pt; text-align: center;\" width=\"181\">Pump Body<\/td>\n<\/tr>\n<tr style=\"height: 13.50pt;\">\n<td class=\"et4\" style=\"height: 13.5pt; width: 54pt; text-align: center;\" width=\"72\" height=\"18\">5<\/td>\n<td class=\"et5\" style=\"width: 135.75pt; text-align: center;\" width=\"181\">Copertura posteriore<\/td>\n<\/tr>\n<tr style=\"height: 13.50pt;\">\n<td class=\"et4\" style=\"height: 13.5pt; width: 54pt; text-align: center;\" width=\"72\" height=\"18\">6<\/td>\n<td class=\"et5\" style=\"width: 135.75pt; text-align: center;\" width=\"181\">Platen<\/td>\n<\/tr>\n<tr style=\"height: 13.50pt;\">\n<td class=\"et4\" style=\"height: 13.5pt; width: 54pt; text-align: center;\" width=\"72\" height=\"18\">7<\/td>\n<td class=\"et5\" style=\"width: 135.75pt; text-align: center;\" width=\"181\">Motore<\/td>\n<\/tr>\n<\/tbody>\n<\/table>\n<p>&nbsp;<\/p>\n<h2>Diagramma delle caratteristiche del prodotto:<\/h2>\n<p><img loading=\"lazy\" decoding=\"async\" class=\"alignnone wp-image-895 size-full\" src=\"https:\/\/www.wsfkj.com\/wp-content\/uploads\/2023\/12\/0.30ml-rev.jpg\" alt=\"\" width=\"800\" height=\"600\" srcset=\"https:\/\/www.wsfkj.com\/wp-content\/uploads\/2023\/12\/0.30ml-rev.jpg 800w, https:\/\/www.wsfkj.com\/wp-content\/uploads\/2023\/12\/0.30ml-rev-300x225.jpg 300w, https:\/\/www.wsfkj.com\/wp-content\/uploads\/2023\/12\/0.30ml-rev-600x450.jpg 600w, https:\/\/www.wsfkj.com\/wp-content\/uploads\/2023\/12\/0.30ml-rev-768x576.jpg 768w\" sizes=\"auto, (max-width: 800px) 100vw, 800px\" \/><\/p>","protected":false},"excerpt":{"rendered":"<p>Modello n.: <strong>WSFSGE0.3DCB66-24-40W<\/strong><br \/>\nMarca:<strong>WSF<\/strong><br \/>\nFonte di energia: <strong>Elettrico<\/strong><br \/>\nSupporto personalizzato: <strong>OEM, ODM, OBM<\/strong><br \/>\nGaranzia: <strong>1 anno<\/strong><br \/>\nSpostamento: <strong>0.3ml\/rev<\/strong><br \/>\nFluire: <strong>0~1.35L\/min<\/strong><br \/>\nPressione: <strong>3 bar<\/strong><br \/>\nMotore: <strong>Motore DC senza spazzole<\/strong><br \/>\nVelocit\u00e0: <strong>1000~4500 rpm<\/strong><br \/>\nPotenza del motore: <strong>40W<\/strong><br \/>\nTensione nominale: <strong>8-24V<\/strong><br \/>\nCorrente nominale: <strong>1.6A<\/strong><br \/>\nDirezione di ingresso e di uscita: <strong>entrambi i lati del corpo della pompa<\/strong><br \/>\nThread di importazione ed esportazione: <strong>G1\/8<\/strong><br \/>\nIntervallo di resistenza alla temperatura: <strong>-5\u2103~70\u2103<\/strong><br \/>\nMateriale del corpo della pompa: <strong>Acciaio inossidabile 316L<\/strong><br \/>\nMateriale della guarnizione statica: <strong>PTFE<\/strong><br \/>\nMateriale dell'ingranaggio: <strong>PEEK<\/strong><\/p>\n<a href=\"https:\/\/www.wsfkj.com\/it\/contact-us\/#inquiry\" class=\"button primary is-primary is-medium\"  >\n    <span>Inquiry<\/span>\n  <\/a>\n\n<div id=\"gtx-trans\" style=\"position: absolute; left: 259px; top: -11.6094px;\">\n<div class=\"gtx-trans-icon\"><\/div>\n<\/div>","protected":false},"featured_media":842,"comment_status":"closed","ping_status":"closed","template":"","meta":[],"product_cat":[29,31],"product_tag":[36,40,34,33],"class_list":{"0":"post-1532","1":"product","2":"type-product","3":"status-publish","4":"has-post-thumbnail","6":"product_cat-gear-pump","7":"product_cat-magnetic-gear-pump","8":"product_tag-0-3ml-rev","9":"product_tag-digital-printing-machine-pump","10":"product_tag-gear-pump","11":"product_tag-magnetic-gear-pump","13":"first","14":"instock","15":"sale","16":"shipping-taxable","17":"purchasable","18":"product-type-simple"},"yoast_head":"<!-- This site is optimized with the Yoast SEO plugin v27.5 - https:\/\/yoast.com\/product\/yoast-seo-wordpress\/ -->\n<title>0.30 ml\/rev DC 24V Pump Micro Magnetic Drive Gear Pump - WSF Micro Gear Pump<\/title>\n<meta name=\"robots\" content=\"index, follow, max-snippet:-1, max-image-preview:large, max-video-preview:-1\" \/>\n<link rel=\"canonical\" href=\"https:\/\/www.wsfkj.com\/it\/prodotto\/0-30-ml-rev-dc-24v-pump-micro-magnetic-drive-gear-pump\/\" \/>\n<meta property=\"og:locale\" content=\"it_IT\" \/>\n<meta property=\"og:type\" content=\"article\" \/>\n<meta property=\"og:title\" content=\"0.30 ml\/rev DC 24V Pump Micro Magnetic Drive Gear Pump - WSF Micro Gear Pump\" \/>\n<meta property=\"og:description\" content=\"Model No.: WSFSGE0.3DCB66-24-40W Brand\uff1aWSF Power Source: Electric Customized Support: OEM, ODM, OBM Warranty: 1 Year Displacement: 0.3ml\/rev Flow: 0~1.35L\/min Pressure: 3 bar Motor: Brushless DC motor Speed: 1000~4500 rpm Motor Power: 40W Rated Voltage: 8-24V Rated current: 1.6A Inlet and outlet direction: both sides of the pump body Import and export thread: G1\/8 Temperature resistance range: -5\u2103~70\u2103 Pump Body Material: 316L Stainlesss Steel Static Seal Material: PTFE Gear Material: PEEK\" \/>\n<meta property=\"og:url\" content=\"https:\/\/www.wsfkj.com\/it\/prodotto\/0-30-ml-rev-dc-24v-pump-micro-magnetic-drive-gear-pump\/\" \/>\n<meta property=\"og:site_name\" content=\"WSF Micro Gear Pump\" \/>\n<meta property=\"article:modified_time\" content=\"2025-06-10T01:32:46+00:00\" \/>\n<meta property=\"og:image\" content=\"https:\/\/www.wsfkj.com\/wp-content\/uploads\/2023\/12\/Magnetic-gear-pump-05.jpg\" \/>\n\t<meta property=\"og:image:width\" content=\"1000\" \/>\n\t<meta property=\"og:image:height\" content=\"1000\" \/>\n\t<meta property=\"og:image:type\" content=\"image\/jpeg\" \/>\n<meta name=\"twitter:card\" content=\"summary_large_image\" \/>\n<meta name=\"twitter:label1\" content=\"Tempo di lettura stimato\" \/>\n\t<meta name=\"twitter:data1\" content=\"4 minuti\" \/>\n<script type=\"application\/ld+json\" class=\"yoast-schema-graph\">{\"@context\":\"https:\\\/\\\/schema.org\",\"@graph\":[{\"@type\":\"WebPage\",\"@id\":\"https:\\\/\\\/www.wsfkj.com\\\/product\\\/0-30-ml-rev-dc-24v-pump-micro-magnetic-drive-gear-pump\\\/\",\"url\":\"https:\\\/\\\/www.wsfkj.com\\\/product\\\/0-30-ml-rev-dc-24v-pump-micro-magnetic-drive-gear-pump\\\/\",\"name\":\"0.30 ml\\\/rev DC 24V Pump Micro Magnetic Drive Gear Pump - WSF Micro Gear Pump\",\"isPartOf\":{\"@id\":\"https:\\\/\\\/www.wsfkj.com\\\/#website\"},\"primaryImageOfPage\":{\"@id\":\"https:\\\/\\\/www.wsfkj.com\\\/product\\\/0-30-ml-rev-dc-24v-pump-micro-magnetic-drive-gear-pump\\\/#primaryimage\"},\"image\":{\"@id\":\"https:\\\/\\\/www.wsfkj.com\\\/product\\\/0-30-ml-rev-dc-24v-pump-micro-magnetic-drive-gear-pump\\\/#primaryimage\"},\"thumbnailUrl\":\"https:\\\/\\\/www.wsfkj.com\\\/wp-content\\\/uploads\\\/2023\\\/12\\\/Magnetic-gear-pump-05.jpg\",\"datePublished\":\"2024-11-14T03:12:53+00:00\",\"dateModified\":\"2025-06-10T01:32:46+00:00\",\"breadcrumb\":{\"@id\":\"https:\\\/\\\/www.wsfkj.com\\\/product\\\/0-30-ml-rev-dc-24v-pump-micro-magnetic-drive-gear-pump\\\/#breadcrumb\"},\"inLanguage\":\"it-IT\",\"potentialAction\":[{\"@type\":\"ReadAction\",\"target\":[\"https:\\\/\\\/www.wsfkj.com\\\/product\\\/0-30-ml-rev-dc-24v-pump-micro-magnetic-drive-gear-pump\\\/\"]}]},{\"@type\":\"ImageObject\",\"inLanguage\":\"it-IT\",\"@id\":\"https:\\\/\\\/www.wsfkj.com\\\/product\\\/0-30-ml-rev-dc-24v-pump-micro-magnetic-drive-gear-pump\\\/#primaryimage\",\"url\":\"https:\\\/\\\/www.wsfkj.com\\\/wp-content\\\/uploads\\\/2023\\\/12\\\/Magnetic-gear-pump-05.jpg\",\"contentUrl\":\"https:\\\/\\\/www.wsfkj.com\\\/wp-content\\\/uploads\\\/2023\\\/12\\\/Magnetic-gear-pump-05.jpg\",\"width\":1000,\"height\":1000},{\"@type\":\"BreadcrumbList\",\"@id\":\"https:\\\/\\\/www.wsfkj.com\\\/product\\\/0-30-ml-rev-dc-24v-pump-micro-magnetic-drive-gear-pump\\\/#breadcrumb\",\"itemListElement\":[{\"@type\":\"ListItem\",\"position\":1,\"name\":\"Home\",\"item\":\"https:\\\/\\\/www.wsfkj.com\\\/\"},{\"@type\":\"ListItem\",\"position\":2,\"name\":\"Shop\",\"item\":\"https:\\\/\\\/www.wsfkj.com\\\/shop\\\/\"},{\"@type\":\"ListItem\",\"position\":3,\"name\":\"0.30 ml\\\/rev DC 24V Pump Micro Magnetic Drive Gear Pump\"}]},{\"@type\":\"WebSite\",\"@id\":\"https:\\\/\\\/www.wsfkj.com\\\/#website\",\"url\":\"https:\\\/\\\/www.wsfkj.com\\\/\",\"name\":\"WSF Micro Gear Pump\",\"description\":\"Magnetic gear pump | Micro gear pump | Magnetic Drive Gear Pump\",\"potentialAction\":[{\"@type\":\"SearchAction\",\"target\":{\"@type\":\"EntryPoint\",\"urlTemplate\":\"https:\\\/\\\/www.wsfkj.com\\\/?s={search_term_string}\"},\"query-input\":{\"@type\":\"PropertyValueSpecification\",\"valueRequired\":true,\"valueName\":\"search_term_string\"}}],\"inLanguage\":\"it-IT\"}]}<\/script>\n<!-- \/ Yoast SEO plugin. -->","yoast_head_json":{"title":"0.30 ml\/rev DC 24V Pump Micro Magnetic Drive Gear Pump - WSF Micro Gear Pump","robots":{"index":"index","follow":"follow","max-snippet":"max-snippet:-1","max-image-preview":"max-image-preview:large","max-video-preview":"max-video-preview:-1"},"canonical":"https:\/\/www.wsfkj.com\/it\/prodotto\/0-30-ml-rev-dc-24v-pump-micro-magnetic-drive-gear-pump\/","og_locale":"it_IT","og_type":"article","og_title":"0.30 ml\/rev DC 24V Pump Micro Magnetic Drive Gear Pump - WSF Micro Gear Pump","og_description":"Model No.: WSFSGE0.3DCB66-24-40W Brand\uff1aWSF Power Source: Electric Customized Support: OEM, ODM, OBM Warranty: 1 Year Displacement: 0.3ml\/rev Flow: 0~1.35L\/min Pressure: 3 bar Motor: Brushless DC motor Speed: 1000~4500 rpm Motor Power: 40W Rated Voltage: 8-24V Rated current: 1.6A Inlet and outlet direction: both sides of the pump body Import and export thread: G1\/8 Temperature resistance range: -5\u2103~70\u2103 Pump Body Material: 316L Stainlesss Steel Static Seal Material: PTFE Gear Material: PEEK","og_url":"https:\/\/www.wsfkj.com\/it\/prodotto\/0-30-ml-rev-dc-24v-pump-micro-magnetic-drive-gear-pump\/","og_site_name":"WSF Micro Gear Pump","article_modified_time":"2025-06-10T01:32:46+00:00","og_image":[{"width":1000,"height":1000,"url":"https:\/\/www.wsfkj.com\/wp-content\/uploads\/2023\/12\/Magnetic-gear-pump-05.jpg","type":"image\/jpeg"}],"twitter_card":"summary_large_image","twitter_misc":{"Tempo di lettura stimato":"4 minuti"},"schema":{"@context":"https:\/\/schema.org","@graph":[{"@type":"WebPage","@id":"https:\/\/www.wsfkj.com\/product\/0-30-ml-rev-dc-24v-pump-micro-magnetic-drive-gear-pump\/","url":"https:\/\/www.wsfkj.com\/product\/0-30-ml-rev-dc-24v-pump-micro-magnetic-drive-gear-pump\/","name":"0.30 ml\/rev DC 24V Pump Micro Magnetic Drive Gear Pump - WSF Micro Gear Pump","isPartOf":{"@id":"https:\/\/www.wsfkj.com\/#website"},"primaryImageOfPage":{"@id":"https:\/\/www.wsfkj.com\/product\/0-30-ml-rev-dc-24v-pump-micro-magnetic-drive-gear-pump\/#primaryimage"},"image":{"@id":"https:\/\/www.wsfkj.com\/product\/0-30-ml-rev-dc-24v-pump-micro-magnetic-drive-gear-pump\/#primaryimage"},"thumbnailUrl":"https:\/\/www.wsfkj.com\/wp-content\/uploads\/2023\/12\/Magnetic-gear-pump-05.jpg","datePublished":"2024-11-14T03:12:53+00:00","dateModified":"2025-06-10T01:32:46+00:00","breadcrumb":{"@id":"https:\/\/www.wsfkj.com\/product\/0-30-ml-rev-dc-24v-pump-micro-magnetic-drive-gear-pump\/#breadcrumb"},"inLanguage":"it-IT","potentialAction":[{"@type":"ReadAction","target":["https:\/\/www.wsfkj.com\/product\/0-30-ml-rev-dc-24v-pump-micro-magnetic-drive-gear-pump\/"]}]},{"@type":"ImageObject","inLanguage":"it-IT","@id":"https:\/\/www.wsfkj.com\/product\/0-30-ml-rev-dc-24v-pump-micro-magnetic-drive-gear-pump\/#primaryimage","url":"https:\/\/www.wsfkj.com\/wp-content\/uploads\/2023\/12\/Magnetic-gear-pump-05.jpg","contentUrl":"https:\/\/www.wsfkj.com\/wp-content\/uploads\/2023\/12\/Magnetic-gear-pump-05.jpg","width":1000,"height":1000},{"@type":"BreadcrumbList","@id":"https:\/\/www.wsfkj.com\/product\/0-30-ml-rev-dc-24v-pump-micro-magnetic-drive-gear-pump\/#breadcrumb","itemListElement":[{"@type":"ListItem","position":1,"name":"Home","item":"https:\/\/www.wsfkj.com\/"},{"@type":"ListItem","position":2,"name":"Shop","item":"https:\/\/www.wsfkj.com\/shop\/"},{"@type":"ListItem","position":3,"name":"0.30 ml\/rev DC 24V Pump Micro Magnetic Drive Gear Pump"}]},{"@type":"WebSite","@id":"https:\/\/www.wsfkj.com\/#website","url":"https:\/\/www.wsfkj.com\/","name":"Pompa ad ingranaggi micro WSF","description":"Magnetic gear pump | Micro gear pump | Magnetic Drive Gear Pump","potentialAction":[{"@type":"SearchAction","target":{"@type":"EntryPoint","urlTemplate":"https:\/\/www.wsfkj.com\/?s={search_term_string}"},"query-input":{"@type":"PropertyValueSpecification","valueRequired":true,"valueName":"search_term_string"}}],"inLanguage":"it-IT"}]}},"_links":{"self":[{"href":"https:\/\/www.wsfkj.com\/it\/wp-json\/wp\/v2\/product\/1532","targetHints":{"allow":["GET"]}}],"collection":[{"href":"https:\/\/www.wsfkj.com\/it\/wp-json\/wp\/v2\/product"}],"about":[{"href":"https:\/\/www.wsfkj.com\/it\/wp-json\/wp\/v2\/types\/product"}],"replies":[{"embeddable":true,"href":"https:\/\/www.wsfkj.com\/it\/wp-json\/wp\/v2\/comments?post=1532"}],"wp:featuredmedia":[{"embeddable":true,"href":"https:\/\/www.wsfkj.com\/it\/wp-json\/wp\/v2\/media\/842"}],"wp:attachment":[{"href":"https:\/\/www.wsfkj.com\/it\/wp-json\/wp\/v2\/media?parent=1532"}],"wp:term":[{"taxonomy":"product_cat","embeddable":true,"href":"https:\/\/www.wsfkj.com\/it\/wp-json\/wp\/v2\/product_cat?post=1532"},{"taxonomy":"product_tag","embeddable":true,"href":"https:\/\/www.wsfkj.com\/it\/wp-json\/wp\/v2\/product_tag?post=1532"}],"curies":[{"name":"wp","href":"https:\/\/api.w.org\/{rel}","templated":true}]}}